{"id":450,"date":"2023-05-02T16:38:15","date_gmt":"2023-05-02T14:38:15","guid":{"rendered":"https:\/\/gondtalanigen.hu\/?page_id=450"},"modified":"2023-05-19T18:54:36","modified_gmt":"2023-05-19T16:54:36","slug":"hazassagi-fogadalom-megerositese","status":"publish","type":"page","link":"https:\/\/gondtalanigen.hu\/en\/hazassagi-fogadalom-megerositese\/","title":{"rendered":"Affirmation of wedding vows"},"content":{"rendered":"<div data-elementor-type=\"wp-page\" data-elementor-id=\"450\" class=\"elementor elementor-450\" data-elementor-settings=\"{&quot;ha_cmc_init_switcher&quot;:&quot;no&quot;}\">\n\t\t\t\t<div class=\"elementor-element elementor-element-703092c e-flex e-con-boxed e-con e-parent\" data-id=\"703092c\" data-element_type=\"container\" data-e-type=\"container\" data-settings=\"{&quot;background_background&quot;:&quot;classic&quot;,&quot;_ha_eqh_enable&quot;:false}\">\n\t\t\t\t\t<div class=\"e-con-inner\">\n\t\t\t\t<div class=\"elementor-element elementor-element-2a2ef20d elementor-widget elementor-widget-heading\" data-id=\"2a2ef20d\" data-element_type=\"widget\" data-e-type=\"widget\" data-widget_type=\"heading.default\">\n\t\t\t\t<div class=\"elementor-widget-container\">\n\t\t\t\t\t<h1 class=\"elementor-heading-title elementor-size-default\">Affirmation of wedding vows<\/h1>\t\t\t\t<\/div>\n\t\t\t\t<\/div>\n\t\t\t\t\t<\/div>\n\t\t\t\t<\/div>\n\t\t<div class=\"elementor-element elementor-element-68c8f5ec e-flex e-con-boxed e-con e-parent\" data-id=\"68c8f5ec\" data-element_type=\"container\" data-e-type=\"container\" data-settings=\"{&quot;_ha_eqh_enable&quot;:false}\">\n\t\t\t\t\t<div class=\"e-con-inner\">\n\t\t\t\t<div class=\"elementor-element elementor-element-7c65f363 elementor-widget elementor-widget-text-editor\" data-id=\"7c65f363\" data-element_type=\"widget\" data-e-type=\"widget\" data-widget_type=\"text-editor.default\">\n\t\t\t\t<div class=\"elementor-widget-container\">\n\t\t\t\t\t\t\t\t\tA wedding vow renewal is the event where the couple reaffirms their wedding vows. Confirmation vows are usually made on the occasion of their wedding anniversary. Affirming the marriage vows helps the couple to strengthen their mutual love and commitment and gives the couple an opportunity to celebrate the time spent together and the experiences they have shared. Affirming marriage vows can also help a couple reconnect, renew their vows, and refresh their relationship. Whether 2, 5, 10 or even 20 years pass, it's never too late to strengthen your love.\t\t\t\t\t\t\t\t<\/div>\n\t\t\t\t<\/div>\n\t\t\t\t\t<\/div>\n\t\t\t\t<\/div>\n\t\t<div class=\"elementor-element elementor-element-2128a74a animated-slow e-flex e-con-boxed elementor-invisible e-con e-parent\" data-id=\"2128a74a\" data-element_type=\"container\" data-e-type=\"container\" data-settings=\"{&quot;animation&quot;:&quot;pulse&quot;,&quot;_ha_eqh_enable&quot;:false}\">\n\t\t\t\t\t<div class=\"e-con-inner\">\n\t\t\t\t<div class=\"elementor-element elementor-element-6fe91f84 elementor-widget elementor-widget-image\" data-id=\"6fe91f84\" data-element_type=\"widget\" data-e-type=\"widget\" data-widget_type=\"image.default\">\n\t\t\t\t<div class=\"elementor-widget-container\">\n\t\t\t\t\t\t\t\t\t\t\t\t\t\t\t<img decoding=\"async\" width=\"84\" height=\"84\" src=\"https:\/\/gondtalanigen.hu\/wp-content\/uploads\/2023\/05\/plosz-evelin-logomark-arany.png\" class=\"attachment-medium_large size-medium_large wp-image-351\" alt=\"Pl\u00f3sz Evelin szertart\u00e1svezet\u0151 log\u00f3markja kezd\u0151bet\u0171kb\u0151l, d\u00edsz\u00edt\u00e9ssel.\" \/>\t\t\t\t\t\t\t\t\t\t\t\t\t\t\t<\/div>\n\t\t\t\t<\/div>\n\t\t\t\t<div class=\"elementor-element elementor-element-7ce27890 elementor-widget elementor-widget-heading\" data-id=\"7ce27890\" data-element_type=\"widget\" data-e-type=\"widget\" data-widget_type=\"heading.default\">\n\t\t\t\t<div class=\"elementor-widget-container\">\n\t\t\t\t\t<h2 class=\"elementor-heading-title elementor-size-default\">RENEW YOUR WOWS!<\/h2>\t\t\t\t<\/div>\n\t\t\t\t<\/div>\n\t\t\t\t<div class=\"elementor-element elementor-element-5e9b891d elementor-widget elementor-widget-text-editor\" data-id=\"5e9b891d\" data-element_type=\"widget\" data-e-type=\"widget\" data-widget_type=\"text-editor.default\">\n\t\t\t\t<div class=\"elementor-widget-container\">\n\t\t\t\t\t\t\t\t\t<p>Book your appointment today!<\/p>\t\t\t\t\t\t\t\t<\/div>\n\t\t\t\t<\/div>\n\t\t\t\t<div class=\"elementor-element elementor-element-185cbb84 elementor-align-center elementor-widget elementor-widget-button\" data-id=\"185cbb84\" data-element_type=\"widget\" data-e-type=\"widget\" data-widget_type=\"button.default\">\n\t\t\t\t<div class=\"elementor-widget-container\">\n\t\t\t\t\t\t\t\t\t<div class=\"elementor-button-wrapper\">\n\t\t\t\t\t<a class=\"elementor-button elementor-button-link elementor-size-sm elementor-animation-grow\" href=\"https:\/\/gondtalanigen.hu\/en\/#kapcsolat\">\n\t\t\t\t\t\t<span class=\"elementor-button-content-wrapper\">\n\t\t\t\t\t\t\t\t\t<span class=\"elementor-button-text\">Contact<\/span>\n\t\t\t\t\t<\/span>\n\t\t\t\t\t<\/a>\n\t\t\t\t<\/div>\n\t\t\t\t\t\t\t\t<\/div>\n\t\t\t\t<\/div>\n\t\t\t\t\t<\/div>\n\t\t\t\t<\/div>\n\t\t\t\t<\/div>","protected":false},"excerpt":{"rendered":"<p>H\u00e1zass\u00e1gi fogadalom meger\u0151s\u00edt\u00e9se H\u00e1zass\u00e1gi fogadalom meger\u0151s\u00edt\u00e9se az az esem\u00e9ny, amikor a h\u00e1zasp\u00e1r \u00fajra meger\u0151s\u00edti az esk\u00fcv\u0151j\u00fck\u00f6n tett fogadalmaikat. \u00c1ltal\u00e1ban a h\u00e1zass\u00e1gi \u00e9vfordul\u00f3juk alkalm\u00e1val t\u00f6rt\u00e9nik a meger\u0151s\u00edt\u0151 fogadalomt\u00e9tel. A h\u00e1zass\u00e1gi fogadalom meger\u0151s\u00edt\u00e9se seg\u00edt a p\u00e1rkapcsolatban a k\u00f6lcs\u00f6n\u00f6s szeretet \u00e9s elk\u00f6telezetts\u00e9g meger\u0151s\u00edt\u00e9s\u00e9ben, \u00e9s lehet\u0151s\u00e9get ad arra, hogy a h\u00e1zasp\u00e1r meg\u00fcnnepelje az egy\u00fctt t\u00f6lt\u00f6tt id\u0151t \u00e9s a k\u00f6z\u00f6s [&hellip;]<\/p>","protected":false},"author":1,"featured_media":0,"parent":0,"menu_order":0,"comment_status":"closed","ping_status":"closed","template":"","meta":{"_seopress_robots_primary_cat":"","_seopress_titles_title":"H\u00e1zass\u00e1gi fogadalom meger\u0151s\u00edt\u00e9se | Pl\u00f3sz Evelin","_seopress_titles_desc":"H\u00e1zass\u00e1gi fogadalom meger\u0151s\u00edt\u00e9se az az esem\u00e9ny, amikor a h\u00e1zasp\u00e1r \u00fajra meger\u0151s\u00edti az esk\u00fcv\u0151j\u00fck\u00f6n tett fogadalmaikat. \u00daj\u00edts\u00e1tok meg az &quot;IGEN&quot;-eket!","_seopress_robots_index":"","_monsterinsights_skip_tracking":false,"_monsterinsights_sitenote_active":false,"_monsterinsights_sitenote_note":"","_monsterinsights_sitenote_category":0,"site-sidebar-layout":"no-sidebar","site-content-layout":"page-builder","ast-site-content-layout":"","site-content-style":"default","site-sidebar-style":"default","ast-global-header-display":"","ast-banner-title-visibility":"","ast-main-header-display":"","ast-hfb-above-header-display":"","ast-hfb-below-header-display":"","ast-hfb-mobile-header-display":"","site-post-title":"disabled","ast-breadcrumbs-content":"","ast-featured-img":"disabled","footer-sml-layout":"","theme-transparent-header-meta":"","adv-header-id-meta":"","stick-header-meta":"","header-above-stick-meta":"","header-main-stick-meta":"","header-below-stick-meta":"","astra-migrate-meta-layouts":"default","ast-page-background-enabled":"default","ast-page-background-meta":{"desktop":{"background-color":"var(--ast-global-color-4)","background-image":"","background-repeat":"repeat","background-position":"center center","background-size":"auto","background-attachment":"scroll","background-type":"","background-media":"","overlay-type":"","overlay-color":"","overlay-opacity":"","overlay-gradient":""},"tablet":{"background-color":"","background-image":"","background-repeat":"repeat","background-position":"center center","background-size":"auto","background-attachment":"scroll","background-type":"","background-media":"","overlay-type":"","overlay-color":"","overlay-opacity":"","overlay-gradient":""},"mobile":{"background-color":"","background-image":"","background-repeat":"repeat","background-position":"center center","background-size":"auto","background-attachment":"scroll","background-type":"","background-media":"","overlay-type":"","overlay-color":"","overlay-opacity":"","overlay-gradient":""}},"ast-content-background-meta":{"desktop":{"background-color":"var(--ast-global-color-5)","background-image":"","background-repeat":"repeat","background-position":"center center","background-size":"auto","background-attachment":"scroll","background-type":"","background-media":"","overlay-type":"","overlay-color":"","overlay-opacity":"","overlay-gradient":""},"tablet":{"background-color":"var(--ast-global-color-5)","background-image":"","background-repeat":"repeat","background-position":"center center","background-size":"auto","background-attachment":"scroll","background-type":"","background-media":"","overlay-type":"","overlay-color":"","overlay-opacity":"","overlay-gradient":""},"mobile":{"background-color":"var(--ast-global-color-5)","background-image":"","background-repeat":"repeat","background-position":"center center","background-size":"auto","background-attachment":"scroll","background-type":"","background-media":"","overlay-type":"","overlay-color":"","overlay-opacity":"","overlay-gradient":""}},"footnotes":""},"class_list":["post-450","page","type-page","status-publish","hentry"],"_links":{"self":[{"href":"https:\/\/gondtalanigen.hu\/en\/wp-json\/wp\/v2\/pages\/450","targetHints":{"allow":["GET"]}}],"collection":[{"href":"https:\/\/gondtalanigen.hu\/en\/wp-json\/wp\/v2\/pages"}],"about":[{"href":"https:\/\/gondtalanigen.hu\/en\/wp-json\/wp\/v2\/types\/page"}],"author":[{"embeddable":true,"href":"https:\/\/gondtalanigen.hu\/en\/wp-json\/wp\/v2\/users\/1"}],"replies":[{"embeddable":true,"href":"https:\/\/gondtalanigen.hu\/en\/wp-json\/wp\/v2\/comments?post=450"}],"version-history":[{"count":45,"href":"https:\/\/gondtalanigen.hu\/en\/wp-json\/wp\/v2\/pages\/450\/revisions"}],"predecessor-version":[{"id":1814,"href":"https:\/\/gondtalanigen.hu\/en\/wp-json\/wp\/v2\/pages\/450\/revisions\/1814"}],"wp:attachment":[{"href":"https:\/\/gondtalanigen.hu\/en\/wp-json\/wp\/v2\/media?parent=450"}],"curies":[{"name":"wp","href":"https:\/\/api.w.org\/{rel}","templated":true}]}}