{"id":2028,"date":"2024-10-10T10:04:20","date_gmt":"2024-10-10T08:04:20","guid":{"rendered":"https:\/\/gondtalanigen.hu\/?page_id=2028"},"modified":"2024-10-10T10:05:32","modified_gmt":"2024-10-10T08:05:32","slug":"eskuvo-koordinator","status":"publish","type":"page","link":"https:\/\/gondtalanigen.hu\/en\/eskuvo-koordinator\/","title":{"rendered":"Wedding coordinator"},"content":{"rendered":"<div data-elementor-type=\"wp-page\" data-elementor-id=\"2028\" class=\"elementor elementor-2028\" data-elementor-settings=\"{&quot;ha_cmc_init_switcher&quot;:&quot;no&quot;}\">\n\t\t\t\t<div class=\"elementor-element elementor-element-a9262e9 e-flex e-con-boxed e-con e-parent\" data-id=\"a9262e9\" data-element_type=\"container\" data-e-type=\"container\" data-settings=\"{&quot;background_background&quot;:&quot;classic&quot;,&quot;_ha_eqh_enable&quot;:false}\">\n\t\t\t\t\t<div class=\"e-con-inner\">\n\t\t\t\t<div class=\"elementor-element elementor-element-c0d0a5a elementor-widget elementor-widget-heading\" data-id=\"c0d0a5a\" data-element_type=\"widget\" data-e-type=\"widget\" data-widget_type=\"heading.default\">\n\t\t\t\t<div class=\"elementor-widget-container\">\n\t\t\t\t\t<h1 class=\"elementor-heading-title elementor-size-default\">Wedding coordinator<\/h1>\t\t\t\t<\/div>\n\t\t\t\t<\/div>\n\t\t\t\t\t<\/div>\n\t\t\t\t<\/div>\n\t\t<div class=\"elementor-element elementor-element-a6faaa2 e-flex e-con-boxed e-con e-parent\" data-id=\"a6faaa2\" data-element_type=\"container\" data-e-type=\"container\" data-settings=\"{&quot;_ha_eqh_enable&quot;:false}\">\n\t\t\t\t\t<div class=\"e-con-inner\">\n\t\t\t\t<div class=\"elementor-element elementor-element-af7c304 elementor-widget elementor-widget-text-editor\" data-id=\"af7c304\" data-element_type=\"widget\" data-e-type=\"widget\" data-widget_type=\"text-editor.default\">\n\t\t\t\t<div class=\"elementor-widget-container\">\n\t\t\t\t\t\t\t\t\t<p>Are you in need of a determined, confident person during your Big Day, who will manage the service providers in the background following the schedule you have imagined, as well as kindly inform the wedding participants about the next event on the agenda, but you do not want a traditional Best Man or a Master of Ceremonies, who would like to make the participants play different games during the night? As a Wedding Coordinator, my task is to put together the wedding schedule together with you and follow the schedule to ensure the coordination with the service providers on the Big Day, as well as to inform the wedding participants about the upcoming events. For instance, after the ceremony I invite the next group of friends for the photo shoot; I tell the waiters in the kitchen to serve the soup 20 minutes later, because everyone is on the dance floor, and a good party should not be interrupted. I coordinate the events according to your requests, so that the Big Day is really pleasant and enjoyable for you.<\/p>\t\t\t\t\t\t\t\t<\/div>\n\t\t\t\t<\/div>\n\t\t\t\t\t<\/div>\n\t\t\t\t<\/div>\n\t\t<div class=\"elementor-element elementor-element-6295b7e2 animated-slow e-flex e-con-boxed elementor-invisible e-con e-parent\" data-id=\"6295b7e2\" data-element_type=\"container\" data-e-type=\"container\" data-settings=\"{&quot;animation&quot;:&quot;pulse&quot;,&quot;_ha_eqh_enable&quot;:false}\">\n\t\t\t\t\t<div class=\"e-con-inner\">\n\t\t\t\t<div class=\"elementor-element elementor-element-7a9b1b1 elementor-widget elementor-widget-image\" data-id=\"7a9b1b1\" data-element_type=\"widget\" data-e-type=\"widget\" data-widget_type=\"image.default\">\n\t\t\t\t<div class=\"elementor-widget-container\">\n\t\t\t\t\t\t\t\t\t\t\t\t\t\t\t<img decoding=\"async\" width=\"84\" height=\"84\" src=\"https:\/\/gondtalanigen.hu\/wp-content\/uploads\/2023\/05\/plosz-evelin-logomark-arany.png\" class=\"attachment-medium_large size-medium_large wp-image-351\" alt=\"Pl\u00f3sz Evelin szertart\u00e1svezet\u0151 log\u00f3markja kezd\u0151bet\u0171kb\u0151l, d\u00edsz\u00edt\u00e9ssel.\" \/>\t\t\t\t\t\t\t\t\t\t\t\t\t\t\t<\/div>\n\t\t\t\t<\/div>\n\t\t\t\t<div class=\"elementor-element elementor-element-54a2c3c elementor-widget elementor-widget-heading\" data-id=\"54a2c3c\" data-element_type=\"widget\" data-e-type=\"widget\" data-widget_type=\"heading.default\">\n\t\t\t\t<div class=\"elementor-widget-container\">\n\t\t\t\t\t<h2 class=\"elementor-heading-title elementor-size-default\">HAVE A CAREFREE BIG DAY WITH ME!<\/h2>\t\t\t\t<\/div>\n\t\t\t\t<\/div>\n\t\t\t\t<div class=\"elementor-element elementor-element-3e45edff elementor-widget elementor-widget-text-editor\" data-id=\"3e45edff\" data-element_type=\"widget\" data-e-type=\"widget\" data-widget_type=\"text-editor.default\">\n\t\t\t\t<div class=\"elementor-widget-container\">\n\t\t\t\t\t\t\t\t\t<p>Book your appointment today!<\/p>\t\t\t\t\t\t\t\t<\/div>\n\t\t\t\t<\/div>\n\t\t\t\t<div class=\"elementor-element elementor-element-12b74f2e elementor-align-center elementor-widget elementor-widget-button\" data-id=\"12b74f2e\" data-element_type=\"widget\" data-e-type=\"widget\" data-widget_type=\"button.default\">\n\t\t\t\t<div class=\"elementor-widget-container\">\n\t\t\t\t\t\t\t\t\t<div class=\"elementor-button-wrapper\">\n\t\t\t\t\t<a class=\"elementor-button elementor-button-link elementor-size-sm elementor-animation-grow\" href=\"https:\/\/gondtalanigen.hu\/en\/#kapcsolat\">\n\t\t\t\t\t\t<span class=\"elementor-button-content-wrapper\">\n\t\t\t\t\t\t\t\t\t<span class=\"elementor-button-text\">Contact<\/span>\n\t\t\t\t\t<\/span>\n\t\t\t\t\t<\/a>\n\t\t\t\t<\/div>\n\t\t\t\t\t\t\t\t<\/div>\n\t\t\t\t<\/div>\n\t\t\t\t\t<\/div>\n\t\t\t\t<\/div>\n\t\t\t\t<\/div>","protected":false},"excerpt":{"rendered":"<p>Esk\u00fcv\u0151 koordin\u00e1tor Sz\u00fcks\u00e9getek van egy hat\u00e1rozott, magabiztos szem\u00e9lyre a Nagy Napon, aki az \u00e1ltalatok elk\u00e9pzelt menetrendet k\u00f6vetve ir\u00e1ny\u00edtja a h\u00e1tt\u00e9rben a szolg\u00e1ltat\u00f3kat, valamint kedvesen t\u00e1j\u00e9koztatja a n\u00e1szn\u00e9pet a k\u00f6vetkez\u0151 napirendi esem\u00e9nyr\u0151l, viszont nem szeretn\u00e9tek hagyom\u00e1nyos V\u0151f\u00e9lyt, sem az eg\u00e9sz n\u00e1szn\u00e9pet megmozgat\u00f3 Cerem\u00f3niamestert? Esk\u00fcv\u0151i Koordin\u00e1tork\u00e9nt az a feladatom, hogy az esk\u00fcv\u0151 menetrendj\u00e9t egy\u00fctt \u00f6ssze\u00e1ll\u00edtva \u00e9s az [&hellip;]<\/p>","protected":false},"author":2,"featured_media":0,"parent":0,"menu_order":0,"comment_status":"closed","ping_status":"closed","template":"","meta":{"_seopress_robots_primary_cat":"","_seopress_titles_title":"Pl\u00f3sz Evelin - szertart\u00e1svezet\u0151 | Gondtalanigen.hu","_seopress_titles_desc":"Szem\u00e9lyre szabott, \u00e9rzelmekkel teli, modern  szertart\u00e1svezet\u00e9s ak\u00e1r angol nyelven is. Sz\u00e1mos egyedi cerem\u00f3niat\u00edpus v\u00e1laszthat\u00f3","_seopress_robots_index":"","_monsterinsights_skip_tracking":false,"_monsterinsights_sitenote_active":false,"_monsterinsights_sitenote_note":"","_monsterinsights_sitenote_category":0,"site-sidebar-layout":"no-sidebar","site-content-layout":"page-builder","ast-site-content-layout":"","site-content-style":"default","site-sidebar-style":"default","ast-global-header-display":"","ast-banner-title-visibility":"","ast-main-header-display":"","ast-hfb-above-header-display":"","ast-hfb-below-header-display":"","ast-hfb-mobile-header-display":"","site-post-title":"disabled","ast-breadcrumbs-content":"","ast-featured-img":"disabled","footer-sml-layout":"","theme-transparent-header-meta":"","adv-header-id-meta":"","stick-header-meta":"","header-above-stick-meta":"","header-main-stick-meta":"","header-below-stick-meta":"","astra-migrate-meta-layouts":"default","ast-page-background-enabled":"default","ast-page-background-meta":{"desktop":{"background-color":"var(--ast-global-color-4)","background-image":"","background-repeat":"repeat","background-position":"center center","background-size":"auto","background-attachment":"scroll","background-type":"","background-media":"","overlay-type":"","overlay-color":"","overlay-opacity":"","overlay-gradient":""},"tablet":{"background-color":"","background-image":"","background-repeat":"repeat","background-position":"center center","background-size":"auto","background-attachment":"scroll","background-type":"","background-media":"","overlay-type":"","overlay-color":"","overlay-opacity":"","overlay-gradient":""},"mobile":{"background-color":"","background-image":"","background-repeat":"repeat","background-position":"center center","background-size":"auto","background-attachment":"scroll","background-type":"","background-media":"","overlay-type":"","overlay-color":"","overlay-opacity":"","overlay-gradient":""}},"ast-content-background-meta":{"desktop":{"background-color":"var(--ast-global-color-5)","background-image":"","background-repeat":"repeat","background-position":"center center","background-size":"auto","background-attachment":"scroll","background-type":"","background-media":"","overlay-type":"","overlay-color":"","overlay-opacity":"","overlay-gradient":""},"tablet":{"background-color":"var(--ast-global-color-5)","background-image":"","background-repeat":"repeat","background-position":"center center","background-size":"auto","background-attachment":"scroll","background-type":"","background-media":"","overlay-type":"","overlay-color":"","overlay-opacity":"","overlay-gradient":""},"mobile":{"background-color":"var(--ast-global-color-5)","background-image":"","background-repeat":"repeat","background-position":"center center","background-size":"auto","background-attachment":"scroll","background-type":"","background-media":"","overlay-type":"","overlay-color":"","overlay-opacity":"","overlay-gradient":""}},"footnotes":""},"class_list":["post-2028","page","type-page","status-publish","hentry"],"_links":{"self":[{"href":"https:\/\/gondtalanigen.hu\/en\/wp-json\/wp\/v2\/pages\/2028","targetHints":{"allow":["GET"]}}],"collection":[{"href":"https:\/\/gondtalanigen.hu\/en\/wp-json\/wp\/v2\/pages"}],"about":[{"href":"https:\/\/gondtalanigen.hu\/en\/wp-json\/wp\/v2\/types\/page"}],"author":[{"embeddable":true,"href":"https:\/\/gondtalanigen.hu\/en\/wp-json\/wp\/v2\/users\/2"}],"replies":[{"embeddable":true,"href":"https:\/\/gondtalanigen.hu\/en\/wp-json\/wp\/v2\/comments?post=2028"}],"version-history":[{"count":5,"href":"https:\/\/gondtalanigen.hu\/en\/wp-json\/wp\/v2\/pages\/2028\/revisions"}],"predecessor-version":[{"id":2033,"href":"https:\/\/gondtalanigen.hu\/en\/wp-json\/wp\/v2\/pages\/2028\/revisions\/2033"}],"wp:attachment":[{"href":"https:\/\/gondtalanigen.hu\/en\/wp-json\/wp\/v2\/media?parent=2028"}],"curies":[{"name":"wp","href":"https:\/\/api.w.org\/{rel}","templated":true}]}}