{"id":1451,"date":"2023-05-05T11:26:21","date_gmt":"2023-05-05T09:26:21","guid":{"rendered":"https:\/\/gondtalanigen.hu\/?page_id=1451"},"modified":"2023-05-19T19:06:22","modified_gmt":"2023-05-19T17:06:22","slug":"impresszum","status":"publish","type":"page","link":"https:\/\/gondtalanigen.hu\/en\/impresszum\/","title":{"rendered":"Imprint"},"content":{"rendered":"<div data-elementor-type=\"wp-page\" data-elementor-id=\"1451\" class=\"elementor elementor-1451\" data-elementor-settings=\"{&quot;ha_cmc_init_switcher&quot;:&quot;no&quot;}\">\n\t\t\t\t<div class=\"elementor-element elementor-element-cef67ef e-flex e-con-boxed e-con e-parent\" data-id=\"cef67ef\" data-element_type=\"container\" data-e-type=\"container\" data-settings=\"{&quot;_ha_eqh_enable&quot;:false}\">\n\t\t\t\t\t<div class=\"e-con-inner\">\n\t\t\t\t<div class=\"elementor-element elementor-element-5d783e1 elementor-widget elementor-widget-heading\" data-id=\"5d783e1\" data-element_type=\"widget\" data-e-type=\"widget\" data-widget_type=\"heading.default\">\n\t\t\t\t<div class=\"elementor-widget-container\">\n\t\t\t\t\t<h2 class=\"elementor-heading-title elementor-size-default\">Imprint<\/h2>\t\t\t\t<\/div>\n\t\t\t\t<\/div>\n\t\t\t\t\t<\/div>\n\t\t\t\t<\/div>\n\t\t<div class=\"elementor-element elementor-element-6dba164 e-flex e-con-boxed e-con e-parent\" data-id=\"6dba164\" data-element_type=\"container\" data-e-type=\"container\" data-settings=\"{&quot;_ha_eqh_enable&quot;:false}\">\n\t\t\t\t\t<div class=\"e-con-inner\">\n\t\t<div class=\"elementor-element elementor-element-9562b26 e-con-full e-flex e-con e-parent\" data-id=\"9562b26\" data-element_type=\"container\" data-e-type=\"container\" data-settings=\"{&quot;_ha_eqh_enable&quot;:false}\">\n\t\t\t\t<div class=\"elementor-element elementor-element-083d5ae elementor-widget elementor-widget-heading\" data-id=\"083d5ae\" data-element_type=\"widget\" data-e-type=\"widget\" data-widget_type=\"heading.default\">\n\t\t\t\t<div class=\"elementor-widget-container\">\n\t\t\t\t\t<h4 class=\"elementor-heading-title elementor-size-default\">WEBSITE OPERATOR<\/h4>\t\t\t\t<\/div>\n\t\t\t\t<\/div>\n\t\t\t\t<div class=\"elementor-element elementor-element-34bbfec elementor-widget elementor-widget-text-editor\" data-id=\"34bbfec\" data-element_type=\"widget\" data-e-type=\"widget\" data-widget_type=\"text-editor.default\">\n\t\t\t\t<div class=\"elementor-widget-container\">\n\t\t\t\t\t\t\t\t\t<p style=\"margin: 0cm 0cm 7.5pt 0cm;\"><span style=\"color: #1d3237;\"><strong>Data Controller:<\/strong> Pl\u00f3sz Evelin e.v.<\/span><\/p><p style=\"margin: 0cm 0cm 7.5pt 0cm;\"><span style=\"color: #1d3237;\"><strong>Tax number:<\/strong> 58457229-1-25\u00a0<\/span><\/p><p style=\"margin: 0cm 0cm 7.5pt 0cm;\"><span style=\"color: #1d3237;\"><strong>Address:<\/strong> 3551 \u00d3nod, R\u00e1k\u00f3czi utca 129.<\/span><\/p><p style=\"margin: 0cm 0cm 7.5pt 0cm;\"><span style=\"color: #1d3237;\"><strong>Phone number:<\/strong> +36-70\/329-2704<\/span><\/p><p style=\"margin: 0cm 0cm 7.5pt 0cm;\"><span style=\"color: #1d3237;\"><strong>E-mail:<\/strong> ploszevelin@gmail.com<\/span><\/p><p style=\"margin: 0cm 0cm 7.5pt 0cm;\"><span style=\"color: #1d3237;\"><strong>Location of data processing:<\/strong> Address of the Data\nController<\/span><\/p>\t\t\t\t\t\t\t\t<\/div>\n\t\t\t\t<\/div>\n\t\t\t\t<\/div>\n\t\t<div class=\"elementor-element elementor-element-15a5c2d e-con-full e-flex e-con e-parent\" data-id=\"15a5c2d\" data-element_type=\"container\" data-e-type=\"container\" data-settings=\"{&quot;_ha_eqh_enable&quot;:false}\">\n\t\t\t\t<div class=\"elementor-element elementor-element-79dfa24 elementor-widget elementor-widget-heading\" data-id=\"79dfa24\" data-element_type=\"widget\" data-e-type=\"widget\" data-widget_type=\"heading.default\">\n\t\t\t\t<div class=\"elementor-widget-container\">\n\t\t\t\t\t<h4 class=\"elementor-heading-title elementor-size-default\">HOSTING PROVIDER<\/h4>\t\t\t\t<\/div>\n\t\t\t\t<\/div>\n\t\t\t\t<div class=\"elementor-element elementor-element-295a008 elementor-widget elementor-widget-text-editor\" data-id=\"295a008\" data-element_type=\"widget\" data-e-type=\"widget\" data-widget_type=\"text-editor.default\">\n\t\t\t\t<div class=\"elementor-widget-container\">\n\t\t\t\t\t\t\t\t\t<p style=\"margin: 0cm 0cm 7.5pt 0cm;\"><strong>Full name:<\/strong>\u00a0Sybell Informatika Kft.<br \/><strong>Address:<\/strong>\u00a01158 Budapest, K\u00e9sm\u00e1rk u. 7\/b. 2. em. 206.<br \/><strong>Registration number<\/strong>\u00a001-09-293034<br \/><strong>Tax number:<\/strong>\u00a025859502-2-42<br \/><strong>Phone number:<\/strong>\u00a0+36 1\u00a0707 6726<br \/><strong>E-mail:<\/strong>\u00a0info@sybell.hu<br \/><strong>Website:<\/strong>\u00a0<a href=\"https:\/\/sybell.hu\">https:\/\/sybell.hu<\/a><\/p>\t\t\t\t\t\t\t\t<\/div>\n\t\t\t\t<\/div>\n\t\t\t\t<\/div>\n\t\t\t\t\t<\/div>\n\t\t\t\t<\/div>\n\t\t\t\t<\/div>","protected":false},"excerpt":{"rendered":"<p>Impresszum WEBOLDAL \u00dcZEMELTET\u0150JE Adatkezel\u0151 megnevez\u00e9se: Pl\u00f3sz Evelin e.v. Ad\u00f3sz\u00e1m: 58457229-1-25&nbsp; C\u00edm: 3551 \u00d3nod, R\u00e1k\u00f3czi utca 129. Adatkezel\u0151 telefonsz\u00e1ma: +36-70\/329-2704 Adatkezel\u0151 e-mail c\u00edme: ploszevelin@gmail.com Adatkezel\u00e9s helysz\u00edne: Az Adatkezel\u0151 c\u00edme T\u00c1RHELYSZOLG\u00c1LTAT\u00d3 N\u00e9v:&nbsp;Sybell Informatika Kft. Sz\u00e9khely:&nbsp;1158 Budapest, K\u00e9sm\u00e1rk u. 7\/b. 2. em. 206. C\u00e9gjegyz\u00e9ksz\u00e1m:&nbsp;01-09-293034 Ad\u00f3sz\u00e1m:&nbsp;25859502-2-42 Telefonsz\u00e1m:&nbsp;+36 1&nbsp;707 6726 E-mail:&nbsp;info@sybell.hu Weboldal:&nbsp;https:\/\/sybell.hu<\/p>","protected":false},"author":1,"featured_media":0,"parent":0,"menu_order":0,"comment_status":"closed","ping_status":"closed","template":"","meta":{"_seopress_robots_primary_cat":"","_seopress_titles_title":"","_seopress_titles_desc":"","_seopress_robots_index":"yes","_monsterinsights_skip_tracking":false,"_monsterinsights_sitenote_active":false,"_monsterinsights_sitenote_note":"","_monsterinsights_sitenote_category":0,"site-sidebar-layout":"no-sidebar","site-content-layout":"page-builder","ast-site-content-layout":"","site-content-style":"default","site-sidebar-style":"default","ast-global-header-display":"","ast-banner-title-visibility":"","ast-main-header-display":"","ast-hfb-above-header-display":"","ast-hfb-below-header-display":"","ast-hfb-mobile-header-display":"","site-post-title":"disabled","ast-breadcrumbs-content":"","ast-featured-img":"disabled","footer-sml-layout":"","theme-transparent-header-meta":"","adv-header-id-meta":"","stick-header-meta":"","header-above-stick-meta":"","header-main-stick-meta":"","header-below-stick-meta":"","astra-migrate-meta-layouts":"default","ast-page-background-enabled":"default","ast-page-background-meta":{"desktop":{"background-color":"var(--ast-global-color-4)","background-image":"","background-repeat":"repeat","background-position":"center center","background-size":"auto","background-attachment":"scroll","background-type":"","background-media":"","overlay-type":"","overlay-color":"","overlay-opacity":"","overlay-gradient":""},"tablet":{"background-color":"","background-image":"","background-repeat":"repeat","background-position":"center center","background-size":"auto","background-attachment":"scroll","background-type":"","background-media":"","overlay-type":"","overlay-color":"","overlay-opacity":"","overlay-gradient":""},"mobile":{"background-color":"","background-image":"","background-repeat":"repeat","background-position":"center center","background-size":"auto","background-attachment":"scroll","background-type":"","background-media":"","overlay-type":"","overlay-color":"","overlay-opacity":"","overlay-gradient":""}},"ast-content-background-meta":{"desktop":{"background-color":"var(--ast-global-color-5)","background-image":"","background-repeat":"repeat","background-position":"center center","background-size":"auto","background-attachment":"scroll","background-type":"","background-media":"","overlay-type":"","overlay-color":"","overlay-opacity":"","overlay-gradient":""},"tablet":{"background-color":"var(--ast-global-color-5)","background-image":"","background-repeat":"repeat","background-position":"center center","background-size":"auto","background-attachment":"scroll","background-type":"","background-media":"","overlay-type":"","overlay-color":"","overlay-opacity":"","overlay-gradient":""},"mobile":{"background-color":"var(--ast-global-color-5)","background-image":"","background-repeat":"repeat","background-position":"center center","background-size":"auto","background-attachment":"scroll","background-type":"","background-media":"","overlay-type":"","overlay-color":"","overlay-opacity":"","overlay-gradient":""}},"footnotes":""},"class_list":["post-1451","page","type-page","status-publish","hentry"],"_links":{"self":[{"href":"https:\/\/gondtalanigen.hu\/en\/wp-json\/wp\/v2\/pages\/1451","targetHints":{"allow":["GET"]}}],"collection":[{"href":"https:\/\/gondtalanigen.hu\/en\/wp-json\/wp\/v2\/pages"}],"about":[{"href":"https:\/\/gondtalanigen.hu\/en\/wp-json\/wp\/v2\/types\/page"}],"author":[{"embeddable":true,"href":"https:\/\/gondtalanigen.hu\/en\/wp-json\/wp\/v2\/users\/1"}],"replies":[{"embeddable":true,"href":"https:\/\/gondtalanigen.hu\/en\/wp-json\/wp\/v2\/comments?post=1451"}],"version-history":[{"count":41,"href":"https:\/\/gondtalanigen.hu\/en\/wp-json\/wp\/v2\/pages\/1451\/revisions"}],"predecessor-version":[{"id":1817,"href":"https:\/\/gondtalanigen.hu\/en\/wp-json\/wp\/v2\/pages\/1451\/revisions\/1817"}],"wp:attachment":[{"href":"https:\/\/gondtalanigen.hu\/en\/wp-json\/wp\/v2\/media?parent=1451"}],"curies":[{"name":"wp","href":"https:\/\/api.w.org\/{rel}","templated":true}]}}